{"id":38,"date":"2022-02-10T11:17:04","date_gmt":"2022-02-10T10:17:04","guid":{"rendered":"https:\/\/3dservices.enzoruiz.fr\/enzoruizgfx@outlook.fr\/?page_id=38"},"modified":"2023-12-11T09:08:15","modified_gmt":"2023-12-11T08:08:15","slug":"tarifs","status":"publish","type":"page","link":"https:\/\/3d-dijon.fr\/index.php\/tarifs\/","title":{"rendered":"Tarifs"},"content":{"rendered":"\n<div class=\"wp-block-cover alignfull is-light\" style=\"min-height:300px;aspect-ratio:unset;\"><span aria-hidden=\"true\" class=\"wp-block-cover__background has-background-dim-20 has-background-dim\"><\/span><img loading=\"lazy\" decoding=\"async\" width=\"2560\" height=\"1834\" class=\"wp-block-cover__image-background wp-image-165\" alt=\"\" src=\"https:\/\/3dservices.enzoruiz.fr\/enzoruizgfx@outlook.fr\/wp-content\/uploads\/2022\/02\/3d-printing-3758154-scaled.jpg\" style=\"object-position:45% 68%\" data-object-fit=\"cover\" data-object-position=\"45% 68%\" srcset=\"https:\/\/3d-dijon.fr\/wp-content\/uploads\/2022\/02\/3d-printing-3758154-scaled.jpg 2560w, https:\/\/3d-dijon.fr\/wp-content\/uploads\/2022\/02\/3d-printing-3758154-300x215.jpg 300w, https:\/\/3d-dijon.fr\/wp-content\/uploads\/2022\/02\/3d-printing-3758154-1024x734.jpg 1024w, https:\/\/3d-dijon.fr\/wp-content\/uploads\/2022\/02\/3d-printing-3758154-768x550.jpg 768w, https:\/\/3d-dijon.fr\/wp-content\/uploads\/2022\/02\/3d-printing-3758154-1536x1100.jpg 1536w, https:\/\/3d-dijon.fr\/wp-content\/uploads\/2022\/02\/3d-printing-3758154-2048x1467.jpg 2048w\" sizes=\"auto, (max-width: 2560px) 100vw, 2560px\" \/><div class=\"wp-block-cover__inner-container is-layout-flow wp-block-cover-is-layout-flow\">\n<p class=\"has-text-align-center has-nv-site-bg-color has-text-color has-x-large-font-size\"><strong>Tarifs<\/strong><\/p>\n<\/div><\/div>\n\n\n\n<div style=\"height:20px\" aria-hidden=\"true\" class=\"wp-block-spacer\"><\/div>\n\n\n\n<div class=\"wp-block-columns alignwide is-layout-flex wp-container-core-columns-is-layout-9d6595d7 wp-block-columns-is-layout-flex\">\n<div class=\"wp-block-column has-text-color has-background has-link-color wp-elements-a2a00951299249283040ce8098426bba is-layout-flow wp-block-column-is-layout-flow\" style=\"color:#000000;background-color:#cceaeb;padding-top:2em;padding-right:2em;padding-bottom:2em;padding-left:2em\">\n<h3 class=\"wp-block-heading has-text-align-center\" id=\"modelisation-3d\" style=\"font-size:25px\"><strong>Mod\u00e9lisation 3D<\/strong><\/h3>\n\n\n\n<hr class=\"wp-block-separator has-text-color has-css-opacity has-background is-style-wide\" style=\"background-color:#000000;color:#000000\"\/>\n\n\n\n<ul class=\"has-normal-font-size wp-block-list\">\n<li>Reproduction virtuelle de votre pi\u00e8ce d&rsquo;origine.<\/li>\n\n\n\n<li>Conception d&rsquo;une pi\u00e8ce \u00e0 partir de vos plans.<\/li>\n<\/ul>\n\n\n\n<p class=\"has-text-align-center has-medium-font-size\"><strong>15\u20ac\/heure<\/strong><\/p>\n<\/div>\n\n\n\n<div class=\"wp-block-column has-neve-link-color-color has-text-color has-background has-link-color wp-elements-5fbf9d225f7a7ef5d59e927c851894c3 is-layout-flow wp-block-column-is-layout-flow\" style=\"background-color:#fee5bf;padding-top:2em;padding-right:2em;padding-bottom:2em;padding-left:2em\">\n<h2 class=\"wp-block-heading has-text-align-center\" id=\"impression-3d\" style=\"font-size:25px\"><strong>Impression 3D<\/strong><\/h2>\n\n\n\n<hr class=\"wp-block-separator has-css-opacity is-style-wide\"\/>\n\n\n\n<ul class=\"has-normal-font-size wp-block-list\">\n<li>Impression de vos fichiers selon vos choix de couleurs et de mat\u00e9riaux (selon les disponibilit\u00e9s).<\/li>\n\n\n\n<li>Mat\u00e9riaux disponibles : PLA, ABS, TPU (flexible).<\/li>\n<\/ul>\n\n\n\n<p class=\"has-text-align-left\"><em>Rendez-vous sur la page <strong><a rel=\"noreferrer noopener\" href=\"\/impression-3d\" data-type=\"URL\" data-id=\"\/impression-3d\" target=\"_blank\">impression 3D<\/a> <\/strong>pour comprendre ce qui impacte le temps d&rsquo;impression.<\/em><\/p>\n\n\n\n<p class=\"has-text-align-center\" style=\"font-size:16px\"><strong>4\u20ac\/heure<\/strong><\/p>\n<\/div>\n\n\n\n<div class=\"wp-block-column has-text-color has-background has-link-color wp-elements-735b9bd66d9f454198536136e5afa4d5 is-layout-flow wp-block-column-is-layout-flow\" style=\"color:#000000;background-color:#daf2ca;padding-top:2em;padding-right:2em;padding-bottom:2em;padding-left:2em\">\n<h2 class=\"wp-block-heading has-text-align-center\" id=\"patron\" style=\"font-size:25px\"><strong>Livraison<\/strong><\/h2>\n\n\n\n<hr class=\"wp-block-separator has-css-opacity is-style-wide\"\/>\n\n\n\n<ul class=\"has-normal-font-size wp-block-list\">\n<li>Livraison rapide et soign\u00e9e dans toute la France m\u00e9tropolitaine.<\/li>\n\n\n\n<li>2.99\u20ac pour des petites pi\u00e8ces (jusqu&rsquo;\u00e0 2,5cm d&rsquo;\u00e9paisseur et jusqu&rsquo;\u00e0 100g), pour un envoi en lettre suivie.<\/li>\n\n\n\n<li>4.99\u20ac pour les autres pi\u00e8ces, avec un envoi en Colissimo.<\/li>\n<\/ul>\n\n\n\n<h6 class=\"wp-block-heading\" id=\"livraison-gratuite-pour-toute-commande-d-un-montant-superieur-a-75\">Livraison gratuite pour toute commande d&rsquo;un montant sup\u00e9rieur \u00e0 80\u20ac.<\/h6>\n\n\n\n<div class=\"wp-block-buttons alignfull is-horizontal is-content-justification-center is-layout-flex wp-container-core-buttons-is-layout-499968f5 wp-block-buttons-is-layout-flex\"><\/div>\n<\/div>\n<\/div>\n","protected":false},"excerpt":{"rendered":"<p>Mod\u00e9lisation 3D 15\u20ac\/heure Impression 3D Rendez-vous sur la page impression 3D pour comprendre ce qui impacte le temps d&rsquo;impression. 4\u20ac\/heure Livraison Livraison gratuite pour toute commande d&rsquo;un montant sup\u00e9rieur \u00e0 80\u20ac.<\/p>\n","protected":false},"author":1,"featured_media":0,"parent":0,"menu_order":0,"comment_status":"closed","ping_status":"closed","template":"","meta":{"_monsterinsights_skip_tracking":false,"_monsterinsights_sitenote_active":false,"_monsterinsights_sitenote_note":"","_monsterinsights_sitenote_category":0,"neve_meta_sidebar":"","neve_meta_container":"","neve_meta_enable_content_width":"","neve_meta_content_width":0,"neve_meta_title_alignment":"","neve_meta_author_avatar":"","neve_post_elements_order":"","neve_meta_disable_header":"","neve_meta_disable_footer":"","neve_meta_disable_title":"","footnotes":""},"class_list":["post-38","page","type-page","status-publish","hentry"],"aioseo_notices":[],"_links":{"self":[{"href":"https:\/\/3d-dijon.fr\/index.php\/wp-json\/wp\/v2\/pages\/38","targetHints":{"allow":["GET"]}}],"collection":[{"href":"https:\/\/3d-dijon.fr\/index.php\/wp-json\/wp\/v2\/pages"}],"about":[{"href":"https:\/\/3d-dijon.fr\/index.php\/wp-json\/wp\/v2\/types\/page"}],"author":[{"embeddable":true,"href":"https:\/\/3d-dijon.fr\/index.php\/wp-json\/wp\/v2\/users\/1"}],"replies":[{"embeddable":true,"href":"https:\/\/3d-dijon.fr\/index.php\/wp-json\/wp\/v2\/comments?post=38"}],"version-history":[{"count":41,"href":"https:\/\/3d-dijon.fr\/index.php\/wp-json\/wp\/v2\/pages\/38\/revisions"}],"predecessor-version":[{"id":774,"href":"https:\/\/3d-dijon.fr\/index.php\/wp-json\/wp\/v2\/pages\/38\/revisions\/774"}],"wp:attachment":[{"href":"https:\/\/3d-dijon.fr\/index.php\/wp-json\/wp\/v2\/media?parent=38"}],"curies":[{"name":"wp","href":"https:\/\/api.w.org\/{rel}","templated":true}]}}