{"id":40,"date":"2022-02-10T11:17:14","date_gmt":"2022-02-10T10:17:14","guid":{"rendered":"https:\/\/3dservices.enzoruiz.fr\/enzoruizgfx@outlook.fr\/?page_id=40"},"modified":"2024-05-16T11:49:29","modified_gmt":"2024-05-16T09:49:29","slug":"qui-suis-je","status":"publish","type":"page","link":"https:\/\/3d-dijon.fr\/index.php\/qui-suis-je\/","title":{"rendered":"Qui suis-je ?"},"content":{"rendered":"\n<div style=\"height:30px\" aria-hidden=\"true\" class=\"wp-block-spacer\"><\/div>\n\n\n\n<h2 class=\"wp-block-heading\" id=\"qui-suis-je\">Qui suis-je ?<\/h2>\n\n\n\n<p>Pour celles et ceux qui se demandent qui se cache derri\u00e8re 3D SERVICES&nbsp;\u2026<\/p>\n\n\n\n<p><strong>Je m&rsquo;appelle Enzo,<\/strong> j\u2019ai 23 ans, et je suis passionn\u00e9 d\u2019informatique et d\u2019\u00e9lectronique depuis l\u2019adolescence. Plus g\u00e9n\u00e9ralement, je suis int\u00e9ress\u00e9 par tout ce qui touche aux nouvelles technologies. A c\u00f4t\u00e9 de \u00e7a, j\u2019adore bricoler. Alors rapidement, quand on associe l\u2019informatique, l\u2019\u00e9lectronique et le bricolage, on tombe sur l\u2019impression 3D ! Lorsque j\u2019ai d\u00e9couvert l\u2019impression 3D au travers de vid\u00e9os YouTube, je me suis vite rendu compte que cela risquait de d\u00e9clencher chez moi une vraie passion. En d\u00e9cembre 2017, on m\u2019offre ma premi\u00e8re imprimante 3D : cela m\u2019a permis de confirmer ce que j&rsquo;imaginais : C\u2019EST PASSIONNANT !<\/p>\n\n\n\n<p>Imprimer des mod\u00e8les existants dans un premier temps, c\u2019est bien pour d\u00e9couvrir la machine, mais c\u2019est bien plus int\u00e9ressant de mod\u00e9liser ses propres pi\u00e8ces ! J\u2019ai alors appris \u00e0 mod\u00e9liser des pi\u00e8ces techniques en fonction de mes besoins. Et quelle fiert\u00e9 d\u2019obtenir dans nos mains un objet qu\u2019on a con\u00e7u de A \u00e0 Z !<\/p>\n\n\n\n<p>Gr\u00e2ce \u00e0 mes nouvelles comp\u00e9tences d\u00e9velopp\u00e9es en mod\u00e9lisation et impression 3D, j\u2019ai rapidement pu rendre service \u00e0 mon entourage qui avait besoin de diff\u00e9rentes pi\u00e8ces introuvables en magasin. Et c\u2019est \u00e0 ce moment que m\u2019est venue l\u2019id\u00e9e de cr\u00e9er ma micro-entreprise, dans le but de venir en aide \u00e0 un maximum de personnes en leur apportant les pi\u00e8ces qu\u2019ils ne peuvent pas trouver dans le commerce pour sauver leurs diff\u00e9rents appareils ! Je deviens donc micro-entrepreneur en parall\u00e8le de mes \u00e9tudes le 1er avril 2019, le lendemain de mes 18 ans.<\/p>\n\n\n\n<p>Aujourd&rsquo;hui cela fait 5 ans que je m\u00e8ne cette activit\u00e9 pour laquelle j&rsquo;ai toujours le m\u00eame engouement. Et j&rsquo;esp\u00e8re que cela durera encore longtemps !<\/p>\n\n\n\n<p><strong>Merci beaucoup d\u2019avoir sacrifi\u00e9 votre temps pour me lire<\/strong>.<br><strong>Au plaisir de pouvoir satisfaire l\u2019une de vos demandes de mod\u00e9lisation ou d\u2019impression 3D !<\/strong><\/p>\n\n\n\n<p class=\"has-text-align-left\"><strong>Enzo<\/strong><\/p>\n","protected":false},"excerpt":{"rendered":"<p>Qui suis-je ? Pour celles et ceux qui se demandent qui se cache derri\u00e8re 3D SERVICES&nbsp;\u2026 Je m&rsquo;appelle Enzo, j\u2019ai 23 ans, et je suis passionn\u00e9 d\u2019informatique et d\u2019\u00e9lectronique depuis l\u2019adolescence. Plus g\u00e9n\u00e9ralement, je suis int\u00e9ress\u00e9 par tout ce qui touche aux nouvelles technologies. A c\u00f4t\u00e9 de \u00e7a, j\u2019adore bricoler. Alors rapidement, quand on associe&hellip;&nbsp;<a href=\"https:\/\/3d-dijon.fr\/index.php\/qui-suis-je\/\" class=\"\" rel=\"bookmark\">Lire la suite &raquo;<span class=\"screen-reader-text\">Qui suis-je ?<\/span><\/a><\/p>\n","protected":false},"author":1,"featured_media":0,"parent":0,"menu_order":0,"comment_status":"closed","ping_status":"closed","template":"","meta":{"_monsterinsights_skip_tracking":false,"_monsterinsights_sitenote_active":false,"_monsterinsights_sitenote_note":"","_monsterinsights_sitenote_category":0,"neve_meta_sidebar":"","neve_meta_container":"","neve_meta_enable_content_width":"","neve_meta_content_width":0,"neve_meta_title_alignment":"","neve_meta_author_avatar":"","neve_post_elements_order":"","neve_meta_disable_header":"","neve_meta_disable_footer":"","neve_meta_disable_title":"","footnotes":""},"class_list":["post-40","page","type-page","status-publish","hentry"],"aioseo_notices":[],"_links":{"self":[{"href":"https:\/\/3d-dijon.fr\/index.php\/wp-json\/wp\/v2\/pages\/40","targetHints":{"allow":["GET"]}}],"collection":[{"href":"https:\/\/3d-dijon.fr\/index.php\/wp-json\/wp\/v2\/pages"}],"about":[{"href":"https:\/\/3d-dijon.fr\/index.php\/wp-json\/wp\/v2\/types\/page"}],"author":[{"embeddable":true,"href":"https:\/\/3d-dijon.fr\/index.php\/wp-json\/wp\/v2\/users\/1"}],"replies":[{"embeddable":true,"href":"https:\/\/3d-dijon.fr\/index.php\/wp-json\/wp\/v2\/comments?post=40"}],"version-history":[{"count":22,"href":"https:\/\/3d-dijon.fr\/index.php\/wp-json\/wp\/v2\/pages\/40\/revisions"}],"predecessor-version":[{"id":786,"href":"https:\/\/3d-dijon.fr\/index.php\/wp-json\/wp\/v2\/pages\/40\/revisions\/786"}],"wp:attachment":[{"href":"https:\/\/3d-dijon.fr\/index.php\/wp-json\/wp\/v2\/media?parent=40"}],"curies":[{"name":"wp","href":"https:\/\/api.w.org\/{rel}","templated":true}]}}